{"id":96,"date":"2016-01-27T21:31:11","date_gmt":"2016-01-27T20:31:11","guid":{"rendered":"http:\/\/www.asesoriagarciabernal.es\/?page_id=96"},"modified":"2016-01-27T21:46:36","modified_gmt":"2016-01-27T20:46:36","slug":"area-laboral","status":"publish","type":"page","link":"https:\/\/www.asesoriagarciabernal.es\/?page_id=96","title":{"rendered":"\u00c1rea Laboral"},"content":{"rendered":"<p>Desde Garc\u00eda Bernal Asesor\u00eda, obtenemos las m\u00e1ximas ventajas a nivel laboral dentro del cumplimiento de la normativa vigente.<\/p>\n<p>Nuestra competencia<\/p>\n<ul>\n<li>Confecci\u00f3n de contratos de trabajo. Preaviso del vencimiento del mismo.<\/li>\n<li>Actualizaci\u00f3n de convenios colectivos y normas de aplicaci\u00f3n vigente.<\/li>\n<li>Confecci\u00f3n de n\u00f3minas y seguros sociales.<\/li>\n<li>Liquidaciones y finiquitos.<\/li>\n<li>Altas, bajas y modificaciones de trabajadores.<\/li>\n<li>Certificados de retenciones, de empresas y de maternidad-paternidad.<\/li>\n<li>Declaraciones trimestrales (Modelo 111) y declaraciones anuales (Modelo 190).<\/li>\n<li>Representaci\u00f3n ante Inspecciones de trabajo.<\/li>\n<li>Aplazamiento de deudas.<\/li>\n<li>Tramitaci\u00f3n para la baja por maternidad-paternidad.<\/li>\n<\/ul>\n","protected":false},"excerpt":{"rendered":"<p>Desde Garc\u00eda Bernal Asesor\u00eda, obtenemos las m\u00e1ximas ventajas a nivel laboral dentro del cumplimiento de la normativa vigente. Nuestra competencia Confecci\u00f3n de contratos de trabajo. Preaviso del vencimiento del mismo. Actualizaci\u00f3n de convenios colectivos y normas de aplicaci\u00f3n vigente. Confecci\u00f3n de n\u00f3minas y seguros sociales. Liquidaciones y finiquitos. Altas, bajas y modificaciones de trabajadores. Certificados&nbsp;<\/p>\n<p><a class=\"btn btn-success btn-lg\" href=\"https:\/\/www.asesoriagarciabernal.es\/?page_id=96\">Continue Reading &rarr;<\/a><\/p>\n","protected":false},"author":3,"featured_media":0,"parent":0,"menu_order":0,"comment_status":"closed","ping_status":"closed","template":"page-fullwidth.php","meta":{"footnotes":""},"_links":{"self":[{"href":"https:\/\/www.asesoriagarciabernal.es\/index.php?rest_route=\/wp\/v2\/pages\/96"}],"collection":[{"href":"https:\/\/www.asesoriagarciabernal.es\/index.php?rest_route=\/wp\/v2\/pages"}],"about":[{"href":"https:\/\/www.asesoriagarciabernal.es\/index.php?rest_route=\/wp\/v2\/types\/page"}],"author":[{"embeddable":true,"href":"https:\/\/www.asesoriagarciabernal.es\/index.php?rest_route=\/wp\/v2\/users\/3"}],"replies":[{"embeddable":true,"href":"https:\/\/www.asesoriagarciabernal.es\/index.php?rest_route=%2Fwp%2Fv2%2Fcomments&post=96"}],"version-history":[{"count":1,"href":"https:\/\/www.asesoriagarciabernal.es\/index.php?rest_route=\/wp\/v2\/pages\/96\/revisions"}],"predecessor-version":[{"id":98,"href":"https:\/\/www.asesoriagarciabernal.es\/index.php?rest_route=\/wp\/v2\/pages\/96\/revisions\/98"}],"wp:attachment":[{"href":"https:\/\/www.asesoriagarciabernal.es\/index.php?rest_route=%2Fwp%2Fv2%2Fmedia&parent=96"}],"curies":[{"name":"wp","href":"https:\/\/api.w.org\/{rel}","templated":true}]}}