{"id":55,"date":"2016-01-09T20:56:44","date_gmt":"2016-01-09T19:56:44","guid":{"rendered":"http:\/\/asesoriagarciabernal.es\/wordpress\/?page_id=55"},"modified":"2016-01-27T21:50:48","modified_gmt":"2016-01-27T20:50:48","slug":"quienes-somos","status":"publish","type":"page","link":"https:\/\/www.asesoriagarciabernal.es\/?page_id=55","title":{"rendered":"\u00bfQuienes somos?"},"content":{"rendered":"<p>Garc\u00eda Bernal Asesor\u00eda es una empresa que proporciona servicios y soluciones a nivel laboral, fiscal y contable a otras empresas y particulares. Nuestra larga trayectoria y el n\u00famero creciente de clientes satisfechos, son el mejor respaldo de calidad, integridad y eficiencia con que realizamos nuestro trabajo.<\/p>\n<p>Para ello contamos con la formaci\u00f3n adecuada en Diplomatura en Ciencias Empresariales y Licenciatura en Administraci\u00f3n y Direcci\u00f3n de Empresas, complement\u00e1ndolo con diversas formaciones en la gesti\u00f3n administrativa de empresas a nivel laboral, fiscal y contable.<\/p>\n<p>Nuestro objetivo es asistirles en todas \u00e1reas de la empresa para el buen funcionamiento y desarrollo del negocio. Trabajamos de cerca con cada cliente para ayudarle a alcanzar sus objetivos y cumplir acertadamente con sus obligaciones dentro de su negocio.<\/p>\n<p>Estamos orgullosos de poder proporcionar a nuestros clientes el mejor servicio profesional, y respuestas claras a muchas de sus inquietudes empresariales.<\/p>\n","protected":false},"excerpt":{"rendered":"<p>Garc\u00eda Bernal Asesor\u00eda es una empresa que proporciona servicios y soluciones a nivel laboral, fiscal y contable a otras empresas y particulares. Nuestra larga trayectoria y el n\u00famero creciente de clientes satisfechos, son el mejor respaldo de calidad, integridad y eficiencia con que realizamos nuestro trabajo. Para ello contamos con la formaci\u00f3n adecuada en Diplomatura&nbsp;<\/p>\n<p><a class=\"btn btn-success btn-lg\" href=\"https:\/\/www.asesoriagarciabernal.es\/?page_id=55\">Continue Reading &rarr;<\/a><\/p>\n","protected":false},"author":3,"featured_media":0,"parent":0,"menu_order":0,"comment_status":"closed","ping_status":"closed","template":"page-fullwidth.php","meta":{"footnotes":""},"_links":{"self":[{"href":"https:\/\/www.asesoriagarciabernal.es\/index.php?rest_route=\/wp\/v2\/pages\/55"}],"collection":[{"href":"https:\/\/www.asesoriagarciabernal.es\/index.php?rest_route=\/wp\/v2\/pages"}],"about":[{"href":"https:\/\/www.asesoriagarciabernal.es\/index.php?rest_route=\/wp\/v2\/types\/page"}],"author":[{"embeddable":true,"href":"https:\/\/www.asesoriagarciabernal.es\/index.php?rest_route=\/wp\/v2\/users\/3"}],"replies":[{"embeddable":true,"href":"https:\/\/www.asesoriagarciabernal.es\/index.php?rest_route=%2Fwp%2Fv2%2Fcomments&post=55"}],"version-history":[{"count":2,"href":"https:\/\/www.asesoriagarciabernal.es\/index.php?rest_route=\/wp\/v2\/pages\/55\/revisions"}],"predecessor-version":[{"id":111,"href":"https:\/\/www.asesoriagarciabernal.es\/index.php?rest_route=\/wp\/v2\/pages\/55\/revisions\/111"}],"wp:attachment":[{"href":"https:\/\/www.asesoriagarciabernal.es\/index.php?rest_route=%2Fwp%2Fv2%2Fmedia&parent=55"}],"curies":[{"name":"wp","href":"https:\/\/api.w.org\/{rel}","templated":true}]}}