{"id":25,"date":"2015-12-16T21:38:43","date_gmt":"2015-12-16T20:38:43","guid":{"rendered":"http:\/\/asesoriagarciabernal.es\/wordpress\/?page_id=25"},"modified":"2023-11-24T18:33:35","modified_gmt":"2023-11-24T17:33:35","slug":"inicio2","status":"publish","type":"page","link":"https:\/\/www.asesoriagarciabernal.es\/","title":{"rendered":"Home"},"content":{"rendered":"\n<h1 class=\"wp-block-heading\">BIENVENIDOS.<\/h1>\n\n\n<div class=\"wp-block-image\">\n<figure class=\"alignright\"><a href=\"http:\/\/asesoriagarciabernal.es\/wordpress\/wp-content\/uploads\/2016\/01\/asesoriafiscalr.jpg\" rel=\"attachment wp-att-72\"><img loading=\"lazy\" decoding=\"async\" width=\"300\" height=\"200\" src=\"http:\/\/asesoriagarciabernal.es\/wordpress\/wp-content\/uploads\/2016\/01\/asesoriafiscalr-300x200.jpg\" alt=\"asesoriafiscalr\" class=\"wp-image-72\" srcset=\"https:\/\/www.asesoriagarciabernal.es\/wp-content\/uploads\/2016\/01\/asesoriafiscalr-300x200.jpg 300w, https:\/\/www.asesoriagarciabernal.es\/wp-content\/uploads\/2016\/01\/asesoriafiscalr.jpg 464w\" sizes=\"(max-width: 300px) 100vw, 300px\" \/><\/a><\/figure><\/div>\n\n\n<p>En Asesor\u00eda Laboral, Fiscal y Contable, Juan Jos\u00e9 Garc\u00eda Bernal llevamos a\u00f1os proporcionando servicios y soluciones contables y tributarias, tanto a personas individuales como a organizaciones de todo el pa\u00eds. Nuestra trayectoria es el mejor respaldo de nuestro trabajo.<\/p>\n\n\n\n<p>Estamos altamente cualificados y listos para trabajar esmeradamente, para ayudarle a cumplir con los tr\u00e1mites financieros que usted o su organizaci\u00f3n requieran. Contamos con la capacidad de ofrecer a nuestros clientes un asesoramiento competente y personalizado en todos los asuntos fiscales que requiera su negocio, para cumplir con sus objetivos y obligaciones. Nuestros servicios incluyen planificaci\u00f3n de impuestos, representaci\u00f3n ante el organismo tributario nacional, servicios de contabilidad y asesoramiento en gesti\u00f3n monetaria, entre otros.<\/p>\n\n\n\n<p>Conozca m\u00e1s sobre nuestros servicios en nuestro sitio web y no dude en <a href=\"http:\/\/asesoria-juan-jose-garcia-bernal.webnode.es\/contacto\/\">contactarnos,<\/a> para que podamos ofrecerle un servicio personalizado. Estaremos complacidos de ayudarle a solucionar sus necesidades de gesti\u00f3n financiera y contable.<\/p>\n\n\n\n<p>Encu\u00e9ntrenos en SAN FERNANDO.<br>608 401 090<\/p>\n\n\n\n<p>juanjose.garciabernal@gmail.com<\/p>\n","protected":false},"excerpt":{"rendered":"<p>BIENVENIDOS. En Asesor\u00eda Laboral, Fiscal y Contable, Juan Jos\u00e9 Garc\u00eda Bernal llevamos a\u00f1os proporcionando servicios y soluciones contables y tributarias, tanto a personas individuales como a organizaciones de todo el pa\u00eds. Nuestra trayectoria es el mejor respaldo de nuestro trabajo. Estamos altamente cualificados y listos para trabajar esmeradamente, para ayudarle a cumplir con los tr\u00e1mites&nbsp;<\/p>\n<p><a class=\"btn btn-success btn-lg\" href=\"https:\/\/www.asesoriagarciabernal.es\/\">Continue Reading &rarr;<\/a><\/p>\n","protected":false},"author":3,"featured_media":0,"parent":0,"menu_order":0,"comment_status":"closed","ping_status":"closed","template":"","meta":{"footnotes":""},"_links":{"self":[{"href":"https:\/\/www.asesoriagarciabernal.es\/index.php?rest_route=\/wp\/v2\/pages\/25"}],"collection":[{"href":"https:\/\/www.asesoriagarciabernal.es\/index.php?rest_route=\/wp\/v2\/pages"}],"about":[{"href":"https:\/\/www.asesoriagarciabernal.es\/index.php?rest_route=\/wp\/v2\/types\/page"}],"author":[{"embeddable":true,"href":"https:\/\/www.asesoriagarciabernal.es\/index.php?rest_route=\/wp\/v2\/users\/3"}],"replies":[{"embeddable":true,"href":"https:\/\/www.asesoriagarciabernal.es\/index.php?rest_route=%2Fwp%2Fv2%2Fcomments&post=25"}],"version-history":[{"count":9,"href":"https:\/\/www.asesoriagarciabernal.es\/index.php?rest_route=\/wp\/v2\/pages\/25\/revisions"}],"predecessor-version":[{"id":125,"href":"https:\/\/www.asesoriagarciabernal.es\/index.php?rest_route=\/wp\/v2\/pages\/25\/revisions\/125"}],"wp:attachment":[{"href":"https:\/\/www.asesoriagarciabernal.es\/index.php?rest_route=%2Fwp%2Fv2%2Fmedia&parent=25"}],"curies":[{"name":"wp","href":"https:\/\/api.w.org\/{rel}","templated":true}]}}