{"id":102,"date":"2016-01-27T21:34:41","date_gmt":"2016-01-27T20:34:41","guid":{"rendered":"http:\/\/www.asesoriagarciabernal.es\/?page_id=102"},"modified":"2016-01-27T21:46:46","modified_gmt":"2016-01-27T20:46:46","slug":"area-contable","status":"publish","type":"page","link":"https:\/\/www.asesoriagarciabernal.es\/?page_id=102","title":{"rendered":"\u00c1rea Contable"},"content":{"rendered":"<p>Nuestro objetivo es llevar una contabilidad al d\u00eda, libre de errores para un mejor control de la informaci\u00f3n contable a la hora de tomar decisiones.<\/p>\n<p>Nuestra competencia<\/p>\n<ul>\n<li>Puesta al d\u00eda de la contabilidad atrasada.<\/li>\n<li>Elaboraci\u00f3n y presentaci\u00f3n de las Cuentas Anuales.<\/li>\n<li>Dep\u00f3sito en el Registro Mercantil de las Cuentas Anuales.<\/li>\n<li>Balances mensuales, trimestrales, semestrales o anuales a petici\u00f3n del cliente.<\/li>\n<\/ul>\n","protected":false},"excerpt":{"rendered":"<p>Nuestro objetivo es llevar una contabilidad al d\u00eda, libre de errores para un mejor control de la informaci\u00f3n contable a la hora de tomar decisiones. Nuestra competencia Puesta al d\u00eda de la contabilidad atrasada. Elaboraci\u00f3n y presentaci\u00f3n de las Cuentas Anuales. Dep\u00f3sito en el Registro Mercantil de las Cuentas Anuales. Balances mensuales, trimestrales, semestrales o&nbsp;<\/p>\n<p><a class=\"btn btn-success btn-lg\" href=\"https:\/\/www.asesoriagarciabernal.es\/?page_id=102\">Continue Reading &rarr;<\/a><\/p>\n","protected":false},"author":3,"featured_media":0,"parent":0,"menu_order":0,"comment_status":"closed","ping_status":"closed","template":"page-fullwidth.php","meta":{"footnotes":""},"_links":{"self":[{"href":"https:\/\/www.asesoriagarciabernal.es\/index.php?rest_route=\/wp\/v2\/pages\/102"}],"collection":[{"href":"https:\/\/www.asesoriagarciabernal.es\/index.php?rest_route=\/wp\/v2\/pages"}],"about":[{"href":"https:\/\/www.asesoriagarciabernal.es\/index.php?rest_route=\/wp\/v2\/types\/page"}],"author":[{"embeddable":true,"href":"https:\/\/www.asesoriagarciabernal.es\/index.php?rest_route=\/wp\/v2\/users\/3"}],"replies":[{"embeddable":true,"href":"https:\/\/www.asesoriagarciabernal.es\/index.php?rest_route=%2Fwp%2Fv2%2Fcomments&post=102"}],"version-history":[{"count":1,"href":"https:\/\/www.asesoriagarciabernal.es\/index.php?rest_route=\/wp\/v2\/pages\/102\/revisions"}],"predecessor-version":[{"id":104,"href":"https:\/\/www.asesoriagarciabernal.es\/index.php?rest_route=\/wp\/v2\/pages\/102\/revisions\/104"}],"wp:attachment":[{"href":"https:\/\/www.asesoriagarciabernal.es\/index.php?rest_route=%2Fwp%2Fv2%2Fmedia&parent=102"}],"curies":[{"name":"wp","href":"https:\/\/api.w.org\/{rel}","templated":true}]}}